{"id":309,"date":"2021-03-01T12:14:50","date_gmt":"2021-03-01T12:14:50","guid":{"rendered":"http:\/\/www.cerexballerini.com.br\/?page_id=309"},"modified":"2025-07-04T13:16:30","modified_gmt":"2025-07-04T13:16:30","slug":"historico","status":"publish","type":"page","link":"http:\/\/www.cerexballerini.com.br\/?page_id=309","title":{"rendered":"Historico"},"content":{"rendered":"\t\t<div data-elementor-type=\"wp-page\" data-elementor-id=\"309\" class=\"elementor elementor-309\" data-elementor-settings=\"[]\">\n\t\t\t<div class=\"elementor-inner\">\n\t\t\t\t<div class=\"elementor-section-wrap\">\n\t\t\t\t\t\t\t<section class=\"elementor-element elementor-element-a09cf01 elementor-section-full_width elementor-section-height-default elementor-section-height-default elementor-section elementor-top-section\" data-id=\"a09cf01\" data-element_type=\"section\">\n\t\t\t\t\t\t<div class=\"elementor-container elementor-column-gap-no\">\n\t\t\t\t<div class=\"elementor-row\">\n\t\t\t\t<div class=\"elementor-element elementor-element-011c395 elementor-column elementor-col-100 elementor-top-column\" data-id=\"011c395\" data-element_type=\"column\">\n\t\t\t<div class=\"elementor-column-wrap  elementor-element-populated\">\n\t\t\t\t\t<div class=\"elementor-widget-wrap\">\n\t\t\t\t<div class=\"elementor-element elementor-element-52d6849 elementor-widget elementor-widget-heading\" data-id=\"52d6849\" data-element_type=\"widget\" data-widget_type=\"heading.default\">\n\t\t\t\t<div class=\"elementor-widget-container\">\n\t\t\t<h2 class=\"elementor-heading-title elementor-size-default\">Quem somos<\/h2>\t\t<\/div>\n\t\t\t\t<\/div>\n\t\t\t\t\t\t<\/div>\n\t\t\t<\/div>\n\t\t<\/div>\n\t\t\t\t\t\t<\/div>\n\t\t\t<\/div>\n\t\t<\/section>\n\t\t\t\t<section class=\"elementor-element elementor-element-1372fed elementor-section-boxed elementor-section-height-default elementor-section-height-default elementor-section elementor-top-section\" data-id=\"1372fed\" data-element_type=\"section\">\n\t\t\t\t\t\t<div class=\"elementor-container elementor-column-gap-default\">\n\t\t\t\t<div class=\"elementor-row\">\n\t\t\t\t<div class=\"elementor-element elementor-element-ebcab04 elementor-column elementor-col-100 elementor-top-column\" data-id=\"ebcab04\" data-element_type=\"column\">\n\t\t\t<div class=\"elementor-column-wrap  elementor-element-populated\">\n\t\t\t\t\t<div class=\"elementor-widget-wrap\">\n\t\t\t\t<section class=\"elementor-element elementor-element-42e8b78 elementor-section-boxed elementor-section-height-default elementor-section-height-default elementor-section elementor-inner-section\" data-id=\"42e8b78\" data-element_type=\"section\">\n\t\t\t\t\t\t<div class=\"elementor-container elementor-column-gap-default\">\n\t\t\t\t<div class=\"elementor-row\">\n\t\t\t\t<div class=\"elementor-element elementor-element-9c1e790 elementor-column elementor-col-50 elementor-inner-column\" data-id=\"9c1e790\" data-element_type=\"column\">\n\t\t\t<div class=\"elementor-column-wrap  elementor-element-populated\">\n\t\t\t\t\t<div class=\"elementor-widget-wrap\">\n\t\t\t\t<div class=\"elementor-element elementor-element-7afff95 elementor-widget elementor-widget-text-editor\" data-id=\"7afff95\" data-element_type=\"widget\" data-widget_type=\"text-editor.default\">\n\t\t\t\t<div class=\"elementor-widget-container\">\n\t\t\t\t\t<div class=\"elementor-text-editor elementor-clearfix\"><p>A Associa\u00e7\u00e3o de Pais Pr\u00f3-Centro de Recupera\u00e7\u00e3o para Excepcionais \u2013 CEREX \u00e9 uma entidade sem fins lucrativos e foi fundada em 30 de agosto de 1980 por um grupo de pais que devida \u00e0 falta de local apropriado para seus filhos, sa\u00edram em busca de profissionais que prestassem atendimento \u00e0s crian\u00e7as com diversas s\u00edndromes e com idades variadas. A Diretoria do CEREX \u00e9 composta por familiares dos alunos, ainda que o estatuto d\u00ea oportunidade para os s\u00f3cios colaboradores participarem. Como os fundadores foram os pais dessas crian\u00e7as, estava evidente que buscavam um atendimento digno.<\/p><p>O principal objetivo da institui\u00e7\u00e3o sempre foi proporcionar aos atendidos um espa\u00e7o onde houvesse atendimento com qualidade, sempre respeitando as limita\u00e7\u00f5es de cada pessoa com defici\u00eancia. No in\u00edcio a institui\u00e7\u00e3o atendia em n\u00edvel de cl\u00ednica, com atua\u00e7\u00e3o de uma Psic\u00f3loga, depois passou a prestar atendimento atrav\u00e9s de equipe multidisciplinar (Professores, Psic\u00f3loga, Assistente Social, Fisioterapeuta, Fonoaudi\u00f3loga, etc.). Naquele momento n\u00e3o havia conv\u00eanio com nenhum \u00f3rg\u00e3o p\u00fablico e devido \u00e0s dificuldades financeiras, buscamos o apoio da Prefeitura Municipal de Santos e foram cedidos professores de educa\u00e7\u00e3o especial. Em 1986 foi firmado o conv\u00eanio com a SEDUC, com atendimento pedag\u00f3gico. No ano de 1999, para continuarmos recebendo a verba da Prefeitura, o CEREX tornou-se mantenedora da Escola Especial \u201cEduardo Ballerini\u201d, e pudemos realizar a amplia\u00e7\u00e3o da Sede. Em 2002, exclusivamente com doa\u00e7\u00f5es vinda do Pr\u00f3- Vida, Dr. Ant\u00f4nio Erm\u00edrio e mais algumas da comunidade santista, bem como promo\u00e7\u00f5es de eventos e outras a\u00e7\u00f5es sociais, deu-se in\u00edcio as obras.<\/p><p>No final de 2008, a Entidade recebeu atrav\u00e9s da capta\u00e7\u00e3o de recursos do FMDCA, proveniente de capta\u00e7\u00e3o de uma empresa de S\u00e3o Paulo, bem como, de colaboradores e padrinhos, a verba necess\u00e1ria para conclus\u00e3o da primeira etapa do projeto da nova sede, com espa\u00e7o para salas de aulas, fisioterapia, computa\u00e7\u00e3o, refeit\u00f3rio, cozinha, sala administrativa, banheiros, etc. Tudo acess\u00edvel, conforme as orienta\u00e7\u00f5es do CONDEFI (Conselho Municipal de Deficiente) e as leis vigentes. Devido \u00e0 especificidade do p\u00fablico que atendemos houve a necessidade de buscar parcerias com outras pol\u00edticas p\u00fablicas para garantir que nosso atendimento fosse diferenciado \u00e0s peculiaridades de cada aluno. Em setembro de 2011, o nosso projeto foi aprovado pela Secretaria Municipal de Sa\u00fade de Santos e foi firmado conv\u00eanio. Atrav\u00e9s dessas parcerias demos in\u00edcio ao trabalho multidisciplinar e interdisciplinar com capacidade de atendimento para 50 pessoas com defici\u00eancias e seus familiares.<\/p><\/div>\n\t\t\t\t<\/div>\n\t\t\t\t<\/div>\n\t\t\t\t\t\t<\/div>\n\t\t\t<\/div>\n\t\t<\/div>\n\t\t\t\t<div class=\"elementor-element elementor-element-9805c1e elementor-column elementor-col-50 elementor-inner-column\" data-id=\"9805c1e\" data-element_type=\"column\">\n\t\t\t<div class=\"elementor-column-wrap  elementor-element-populated\">\n\t\t\t\t\t<div class=\"elementor-widget-wrap\">\n\t\t\t\t<div class=\"elementor-element elementor-element-f407333 elementor-widget elementor-widget-image\" data-id=\"f407333\" data-element_type=\"widget\" data-widget_type=\"image.default\">\n\t\t\t\t<div class=\"elementor-widget-container\">\n\t\t\t\t\t<div class=\"elementor-image\">\n\t\t\t\t\t\t\t\t\t\t<img width=\"1024\" height=\"1024\" src=\"http:\/\/www.cerexballerini.com.br\/wp-content\/uploads\/2020\/07\/escola-1024x1024.jpg\" class=\"attachment-large size-large\" alt=\"\" loading=\"lazy\" srcset=\"http:\/\/www.cerexballerini.com.br\/wp-content\/uploads\/2020\/07\/escola-1024x1025.jpg 1024w, http:\/\/www.cerexballerini.com.br\/wp-content\/uploads\/2020\/07\/escola-300x300.jpg 300w, http:\/\/www.cerexballerini.com.br\/wp-content\/uploads\/2020\/07\/escola-150x150.jpg 150w, http:\/\/www.cerexballerini.com.br\/wp-content\/uploads\/2020\/07\/escola-768x769.jpg 768w, http:\/\/www.cerexballerini.com.br\/wp-content\/uploads\/2020\/07\/escola-1079x1080.jpg 1079w, http:\/\/www.cerexballerini.com.br\/wp-content\/uploads\/2020\/07\/escola.jpg 1279w\" sizes=\"(max-width: 1024px) 100vw, 1024px\" \/>\t\t\t\t\t\t\t\t\t\t\t<\/div>\n\t\t\t\t<\/div>\n\t\t\t\t<\/div>\n\t\t\t\t<div class=\"elementor-element elementor-element-95ff13b elementor-widget elementor-widget-image\" data-id=\"95ff13b\" data-element_type=\"widget\" data-widget_type=\"image.default\">\n\t\t\t\t<div class=\"elementor-widget-container\">\n\t\t\t\t\t<div class=\"elementor-image\">\n\t\t\t\t\t\t\t\t\t\t<img width=\"1024\" height=\"768\" src=\"http:\/\/www.cerexballerini.com.br\/wp-content\/uploads\/2021\/03\/IMG-20191111-WA0007-1024x768.jpg\" class=\"attachment-large size-large\" alt=\"\" loading=\"lazy\" srcset=\"http:\/\/www.cerexballerini.com.br\/wp-content\/uploads\/2021\/03\/IMG-20191111-WA0007-1024x768.jpg 1024w, http:\/\/www.cerexballerini.com.br\/wp-content\/uploads\/2021\/03\/IMG-20191111-WA0007-300x225.jpg 300w, http:\/\/www.cerexballerini.com.br\/wp-content\/uploads\/2021\/03\/IMG-20191111-WA0007-768x576.jpg 768w, http:\/\/www.cerexballerini.com.br\/wp-content\/uploads\/2021\/03\/IMG-20191111-WA0007.jpg 1032w\" sizes=\"(max-width: 1024px) 100vw, 1024px\" \/>\t\t\t\t\t\t\t\t\t\t\t<\/div>\n\t\t\t\t<\/div>\n\t\t\t\t<\/div>\n\t\t\t\t\t\t<\/div>\n\t\t\t<\/div>\n\t\t<\/div>\n\t\t\t\t\t\t<\/div>\n\t\t\t<\/div>\n\t\t<\/section>\n\t\t\t\t\t\t<\/div>\n\t\t\t<\/div>\n\t\t<\/div>\n\t\t\t\t\t\t<\/div>\n\t\t\t<\/div>\n\t\t<\/section>\n\t\t\t\t\t\t<\/div>\n\t\t\t<\/div>\n\t\t<\/div>\n\t\t","protected":false},"excerpt":{"rendered":"<p>Quem somos A Associa\u00e7\u00e3o de Pais Pr\u00f3-Centro de Recupera\u00e7\u00e3o para Excepcionais \u2013 CEREX \u00e9 uma entidade sem fins lucrativos e foi fundada em 30 de agosto de 1980 por um grupo de pais que devida \u00e0 falta de local apropriado para seus filhos, sa\u00edram em busca de profissionais que prestassem atendimento \u00e0s crian\u00e7as com diversas&hellip; <br \/> <a class=\"read-more\" href=\"http:\/\/www.cerexballerini.com.br\/?page_id=309\">Leia mais<\/a><\/p>\n","protected":false},"author":1,"featured_media":0,"parent":0,"menu_order":0,"comment_status":"closed","ping_status":"closed","template":"page-templates\/homepage.php","meta":[],"_links":{"self":[{"href":"http:\/\/www.cerexballerini.com.br\/index.php?rest_route=\/wp\/v2\/pages\/309"}],"collection":[{"href":"http:\/\/www.cerexballerini.com.br\/index.php?rest_route=\/wp\/v2\/pages"}],"about":[{"href":"http:\/\/www.cerexballerini.com.br\/index.php?rest_route=\/wp\/v2\/types\/page"}],"author":[{"embeddable":true,"href":"http:\/\/www.cerexballerini.com.br\/index.php?rest_route=\/wp\/v2\/users\/1"}],"replies":[{"embeddable":true,"href":"http:\/\/www.cerexballerini.com.br\/index.php?rest_route=%2Fwp%2Fv2%2Fcomments&post=309"}],"version-history":[{"count":4,"href":"http:\/\/www.cerexballerini.com.br\/index.php?rest_route=\/wp\/v2\/pages\/309\/revisions"}],"predecessor-version":[{"id":2127,"href":"http:\/\/www.cerexballerini.com.br\/index.php?rest_route=\/wp\/v2\/pages\/309\/revisions\/2127"}],"wp:attachment":[{"href":"http:\/\/www.cerexballerini.com.br\/index.php?rest_route=%2Fwp%2Fv2%2Fmedia&parent=309"}],"curies":[{"name":"wp","href":"https:\/\/api.w.org\/{rel}","templated":true}]}}